{"id":2754,"date":"2018-08-08T11:38:24","date_gmt":"2018-08-08T09:38:24","guid":{"rendered":"https:\/\/www.latoscane.net\/politique-de-confidentialite\/"},"modified":"2024-11-20T11:06:25","modified_gmt":"2024-11-20T10:06:25","slug":"informativa-sulla-privacy-e-informazioni-legali","status":"publish","type":"page","link":"https:\/\/www.latoscane.net\/it\/informativa-sulla-privacy-e-informazioni-legali\/","title":{"rendered":"Informativa sulla privacy e informazioni legali"},"content":{"rendered":"<p><button type=\"button\" data-cc=\"c-settings\">Clicca per cambiare le preferenze dei cookie<\/button><\/p>\n\n<p>Note legali, politica sulla privacy e gestione dei cookie da latoscane.net<\/p>\n<h2>Internet hosting<\/h2>\n<p>Latoscane.net \u00e8 un sito ospitato dalla societ\u00e0 OVH, con sede legale in: 2 rue Kellermann \/ 59100 Roubaix \/ Francia<\/p>\n<h2>Dati personali<\/h2>\n<p>Il sito latoscane.net rispetta la privacy dell&#8217;utente e si conforma alle leggi in vigore sulla tutela della privacy e le libert\u00e0 individuali.<br \/>\nLatoscane.net pu\u00f2 raccogliere dati personali nei seguenti casi:<\/p>\n<ul>\n<li>Invio di un modulo di contatto<\/li>\n<li>Invio di un commento<\/li>\n<li>Attraverso alcuni cookie durante la navigazione (vedere di seguito la sezione dedicata).<\/li>\n<li>Tramite i cookie utilizzati da servizi di terze parti (vedi oltre la sezione dedicata).<\/li>\n<\/ul>\n<p>\u2666 Quando l&#8217;utente redige un commento: i dati inseriti (nome o nick e indirizzo e-mail) e l&#8217;indirizzo IP vengono registrati nel database. Questi dati servono solo se necessario alla corrispondenza iniziata dall&#8217;internauta, e non sono &#8211; n\u00e9 saranno &#8211; mai rivelati a terzi. La memorizzazione dell&#8217;indirizzo IP aiuta a rilevare eventuali commenti indesiderati (spam) inviati da uno stesso mittente.<br \/>\nPer facilitare l&#8217;invio di ulteriori commenti, un cookie pu\u00f2 memorizzare questi dati in modo che l&#8217;utente non debba informarli sistematicamente.<\/p>\n<p>\u2666 Quando l&#8217;utente invia un messaggio tramite il modulo di contatto, latoscane.org pu\u00f2 eventualmente memorizzare le informazioni personali indicate (nome\/nick, indirizzo e-mail), a seconda del tipo di modulo attualmente utilizzato per gestire i contatti. Questi dati sono destinati esclusivamente alla corrispondenza con l&#8217;editore del sito.<\/p>\n<p>I dati personali non sono &#8211; e non saranno &#8211; mai divulgati e servono solo per le finalit\u00e0 precedentemente indicate.<\/p>\n<h3>Accesso ai dati, durata di vita<\/h3>\n<p>L&#8217;internauta pu\u00f2 chiedere di ricevere un file contenente tutti i dati personali che lo riguardano che sono registrati tramite latoscane.net, tramite il modulo di contatto. Egli pu\u00f2 chiedere la cancellazione di tali dati.<br \/>\nIn ogni caso, tali dati non sono conservati per pi\u00f9 di tre anni.<\/p>\n<h3>Protezione dei dati, sicurezza<\/h3>\n<p>Solo le informazioni inviate dall&#8217;utente tramite un commento o il modulo di contatto possono essere salvate sul server che ospita latoscane.net.<br \/>\nQuesto server \u00e8 sicuro, con firewall utilizzato per contrastare i tentativi di hacking, Antivirus e Antimalware per contrastare minacce come virus, cavalli di Troia e altri malware.<br \/>\nLatoscane.net integra anche un certificato SSL (che consente la navigazione sicura in HTTPS) per aumentare la sicurezza delle informazioni trasmesse, e utilizza tutti i mezzi ragionevoli per proteggere le sue banche dati.<\/p>\n<h2>Cookies<\/h2>\n<p><button type=\"button\" data-cc=\"c-settings\">Clicca per cambiare le preferenze dei cookie<\/button><\/p>\n<h3>Che cos&#8217;\u00e8 un cookie<\/h3>\n<p>I cookie sono piccoli file memorizzati sul browser dell&#8217;utente, su richiesta di un sito web (che si trova su un server remoto) durante la navigazione. Questi cookie sono associati al dominio del sito web visitato e possono essere consultati successivamente (in occasione di un&#8217;altra visita) da questo sito (ed eventualmente da terzi associati). Ci\u00f2 consente un&#8217;interazione &#8220;duratura&#8221; tra l&#8217;utente e il sito web, fino a quando il cookie viene eliminato o arriva alla data di scadenza.<br \/>\nIn generale, le informazioni cos\u00ec memorizzate sono informazioni di accesso e di consenso, o altre preferenze destinate a migliorare e personalizzare l&#8217;esperienza dell&#8217;utente.<\/p>\n<h3>Tipo di cookie interessati<\/h3>\n<p>Latoscane.net utilizza da una parte i cookie per assicurare le funzioni essenziali di navigazione sul sito (assicurata dal CMS WordPress, lo strumento di gestione degli articoli e di sviluppo web, con le sue estensioni come l&#8217;uso dei commenti)D&#8217;altra parte, strumenti di analisi del traffico (Google Analytics) e di diffusione di pubblicit\u00e0 (Google Adsense) che depositano cookie per operare e raccogliere informazioni di navigazione.<br \/>\nInoltre, su latoscane.net (Facebook) sono disponibili funzionalit\u00e0 di servizi di terze parti provenienti da social network che possono utilizzare i cookie.<br \/>\nLa scelta dell&#8217;utente determina quali cookie sono utilizzati e per quali funzioni.<\/p>\n<h3>Google Analytics<\/h3>\n<p>Per Google Analytics, essendo configurato su latoscane.net in modalit\u00e0 anonima, il cookie non trasmette informazioni personali identificabili. Tuttavia, l&#8217;utente pu\u00f2 scegliere di sospendere questa raccolta di dati tramite le preferenze di gestione dei cookie accettando solo i cookie necessari.<\/p>\n<h3>Google Adsense<\/h3>\n<p>Questo sito diffonde pubblicit\u00e0 Google Adsense, il che implica quanto segue:<\/p>\n<ul>\n<li>Nella scelta predefinita dei cookie con i cookie necessari e anonimi, gli annunci Adsense vengono visualizzati su latoscane.net in modalit\u00e0 \u00abnon personalizzata\u00bb. Cos\u00ec i cookie non raccolgono i dati personali di navigazione dell&#8217;internauta, evitando cos\u00ec la pubblicit\u00e0 mirata, e servono solo al buon funzionamento del modulo.<\/li>\n<li>L&#8217;internauta pu\u00f2 scegliere la sospensione del modulo pubblicitario tramite le sue preferenze di cookie accettando solo i cookie indispensabili.<\/li>\n<li>Se tutti i cookie sono accettati, gli annunci possono essere visualizzati in modalit\u00e0 personalizzata, il che implica i seguenti elementi:\n<ul>\n<li>Google Adsense utilizza i cookie per pubblicare annunci in base alle visite precedenti degli utenti sul sito Web e possono raccogliere i dati di navigazione per indirizzare la pubblicit\u00e0 in base agli interessi.<\/li>\n<li>Grazie al cookie Doubleclick, Google e i suoi partner adattano gli annunci pubblicati dai visitatori in base alla loro navigazione sul proprio sito e\/o su altri siti Web.<\/li>\n<li>Quando un utente vede un annuncio pubblicato sul sito di un partner o fa clic su di esso, un cookie pu\u00f2 essere inserito nel suo browser.<br \/>\nGli utenti possono anche decidere pi\u00f9 in generale di rifiutare questi annunci personalizzati tramite <a href=\"https:\/\/myadcenter.google.com\/u\/0\/personalizationoff?sasb=true&amp;ref=ad-settings\" target=\"_blank\" rel=\"noopener\">https:\/\/myadcenter.google.com\/u\/0\/personalizationoff<\/a><\/li>\n<\/ul>\n<\/li>\n<\/ul>\n<p>Link utile : <a href=\"https:\/\/policies.google.com\/technologies\/partner-sites?hl=it\" target=\"_blank\" rel=\"noopener\">maggiori informazioni sui cookie utilizzati da Google<\/a><\/p>\n<h3>Reti sociali<\/h3>\n<p>Strumenti associati a social network come Facebook sono offerti su latoscane.net, attivati solo se l&#8217;utente accetta tutti i cookie.<br \/>\nSe l&#8217;internauta \u00e8 collegato tramite il vostro browser a questo social network, sono permesse interazioni con l&#8217;account del social network dell&#8217;internauta come la condivisione di articoli o pulsanti di tipo \u00abmi piace\u00bb. Questi servizi possono, a seconda dell&#8217;implementazione del servizio che dipende dal sito di terze parti, utilizzare cookie e raccogliere informazioni personali. Latoscane.net attiva questi servizi solo se l&#8217;utente accetta tutti i cookie.<br \/>\nIn ogni caso, se l&#8217;internauta non desidera essere coinvolta nella sua navigazione su latoscane.net da questi cookie depositati dai social network, pu\u00f2 disconnettersi da questi servizi per il tempo della sua navigazione sul sito.<\/p>\n<h3>Disattivazione dei cookie<\/h3>\n<p>I cookie possono essere disattivati, in particolare tramite la configurazione del browser, o tramite le <a href=\"https:\/\/www.google.fr\/ads\/preferences\/html\/blocked-cookies.html\" target=\"_blank\" rel=\"noopener\">Impostazioni Soluzioni pubblicitarie di Google<\/a>, o con l&#8217;aiuto del sito <a href=\"https:\/\/youradchoices.com\/\" target=\"_blank\" rel=\"noopener\">youradchoices.com<\/a><\/p>\n<p>A seconda del tuo browser, ecco le procedure per configurare la gestione dei cookie:<\/p>\n<ul>\n<li><a href=\"https:\/\/support.mozilla.org\/fr\/kb\/empecher-sites-web-stocker-cookies-donnees-site-firefox\" target=\"_blank\" rel=\"noreferrer noopener\" title=\" \">Firefox<\/a> \/ <a href=\"https:\/\/support.google.com\/accounts\/answer\/61416?hl=en\" target=\"_blank\" rel=\"noreferrer noopener\" data-title=\" \">Chrome<\/a> \/ <a href=\"https:\/\/support.microsoft.com\/fr-fr\/windows\/g%C3%A9rer-les-cookies-dans-microsoft-edge-afficher-autoriser-bloquer-supprimer-et-utiliser-168dab11-0753-043d-7c16-ede5947fc64d\" target=\"_blank\" rel=\"noreferrer noopener\" title=\" \">Internet Explorer<\/a> \/ <a href=\"https:\/\/help.opera.com\/en\/latest\/web-preferences\/#cookies\" target=\"_blank\" rel=\"noreferrer noopener\" data-title=\" \">Opera<\/a> \/ <a href=\"https:\/\/support.apple.com\/fr-fr\/guide\/safari\/sfri11471\/mac\" target=\"_blank\" rel=\"noreferrer noopener\" title=\" \">Safari<\/a><\/li>\n<\/ul>\n<p>Per modificare le preferenze di accettazione dei cookie: <button type=\"button\" data-cc=\"c-settings\">Clicca per cambiare le preferenze dei cookie<\/button><\/p>\n<h2>Contatto<\/h2>\n\n<div class=\"wpcf7 no-js\" id=\"wpcf7-f2770-o1\" lang=\"fr-FR\" dir=\"ltr\">\n<div class=\"screen-reader-response\"><p role=\"status\" aria-live=\"polite\" aria-atomic=\"true\"><\/p> <ul><\/ul><\/div>\n<form action=\"\/it\/wp-json\/wp\/v2\/pages\/2754#wpcf7-f2770-o1\" method=\"post\" class=\"wpcf7-form init\" aria-label=\"Formulaire de contact\" novalidate=\"novalidate\" data-status=\"init\">\n<div style=\"display: none;\">\n<input type=\"hidden\" name=\"_wpcf7\" value=\"2770\" \/>\n<input type=\"hidden\" name=\"_wpcf7_version\" value=\"5.9.5\" \/>\n<input type=\"hidden\" name=\"_wpcf7_locale\" value=\"fr_FR\" \/>\n<input type=\"hidden\" name=\"_wpcf7_unit_tag\" value=\"wpcf7-f2770-o1\" \/>\n<input type=\"hidden\" name=\"_wpcf7_container_post\" value=\"0\" \/>\n<input type=\"hidden\" name=\"_wpcf7_posted_data_hash\" value=\"\" \/>\n<input type=\"hidden\" name=\"_wpcf7_recaptcha_response\" value=\"\" \/>\n<\/div>\n<p><label> Nome o pseudo (obligatoire)<br \/>\n<span class=\"wpcf7-form-control-wrap\" data-name=\"your-name\"><input size=\"40\" class=\"wpcf7-form-control wpcf7-text wpcf7-validates-as-required\" aria-required=\"true\" aria-invalid=\"false\" value=\"\" type=\"text\" name=\"your-name\" \/><\/span> <\/label><br \/>\n<span id=\"wpcf7-6a05e3fb4a6d9-wrapper\" class=\"wpcf7-form-control-wrap firstname-wrap\" style=\"display:none !important; visibility:hidden !important;\"><label for=\"wpcf7-6a05e3fb4a6d9-field\" class=\"hp-message\">Veuillez laisser ce champ vide.<\/label><input id=\"wpcf7-6a05e3fb4a6d9-field\"  class=\"wpcf7-form-control wpcf7-text\" type=\"text\" name=\"firstname\" value=\"\" size=\"40\" tabindex=\"-1\" autocomplete=\"new-password\" \/><\/span>\n<\/p>\n<p><label> Tuo e-mail (obligatoire)<br \/>\n<span class=\"wpcf7-form-control-wrap\" data-name=\"your-email\"><input size=\"40\" class=\"wpcf7-form-control wpcf7-email wpcf7-validates-as-required wpcf7-text wpcf7-validates-as-email\" aria-required=\"true\" aria-invalid=\"false\" value=\"\" type=\"email\" name=\"your-email\" \/><\/span> <\/label>\n<\/p>\n<p><label> Soggetto<br \/>\n<span class=\"wpcf7-form-control-wrap\" data-name=\"your-subject\"><input size=\"40\" class=\"wpcf7-form-control wpcf7-text wpcf7-validates-as-required\" aria-required=\"true\" aria-invalid=\"false\" value=\"\" type=\"text\" name=\"your-subject\" \/><\/span> <\/label>\n<\/p>\n<p><label> Messaggio<br \/>\n<span class=\"wpcf7-form-control-wrap\" data-name=\"your-message\"><textarea cols=\"40\" rows=\"10\" class=\"wpcf7-form-control wpcf7-textarea wpcf7-validates-as-required\" aria-required=\"true\" aria-invalid=\"false\" name=\"your-message\"><\/textarea><\/span> <\/label>\n<\/p>\n<p><span class=\"wpcf7-form-control-wrap\" data-name=\"accord\"><span class=\"wpcf7-form-control wpcf7-acceptance\"><span class=\"wpcf7-list-item\"><label><input type=\"checkbox\" name=\"accord\" value=\"1\" aria-invalid=\"false\" \/><span class=\"wpcf7-list-item-label\">Accordo con la nostra politica sulla privacy (link qui sotto)<\/span><\/label><\/span><\/span><\/span>\n<\/p>\n<span class=\"wpcf7-form-control-wrap recaptcha\" data-name=\"recaptcha\"><span data-sitekey=\"6LfWUa8UAAAAAI03-nT_AkpOpqzx7mSyQWltZZ5c\" class=\"wpcf7-form-control wpcf7-recaptcha g-recaptcha\"><\/span>\r\n<noscript>\r\n\t<div class=\"grecaptcha-noscript\">\r\n\t\t<iframe loading=\"lazy\" src=\"https:\/\/www.google.com\/recaptcha\/api\/fallback?k=6LfWUa8UAAAAAI03-nT_AkpOpqzx7mSyQWltZZ5c\" frameborder=\"0\" scrolling=\"no\" width=\"310\" height=\"430\">\r\n\t\t<\/iframe>\r\n\t\t<textarea name=\"g-recaptcha-response\" rows=\"3\" cols=\"40\" placeholder=\"reCaptcha Response Here\">\r\n\t\t<\/textarea>\r\n\t<\/div>\r\n<\/noscript>\r\n<\/span>\n<p><input class=\"wpcf7-form-control wpcf7-submit has-spinner\" type=\"submit\" value=\"Envoyer\" \/>\n<\/p><div class=\"wpcf7-response-output\" aria-hidden=\"true\"><\/div>\n<\/form>\n<\/div>\n\n<a href=\"https:\/\/www.latoscane.net\/it\/informativa-sulla-privacy-e-informazioni-legali\/\">Informativa sulla privacy e informazioni legali<\/a><\/p>\n","protected":false},"excerpt":{"rendered":"<p>Clicca per cambiare le preferenze dei cookie Note legali, politica sulla privacy e gestione dei cookie da latoscane.net Internet hosting Latoscane.net \u00e8 un sito ospitato dalla societ\u00e0 OVH, con sede legale in: 2 rue Kellermann \/ 59100 Roubaix \/ Francia Dati personali Il sito latoscane.net rispetta la privacy dell&#8217;utente e si conforma alle leggi in [&hellip;]<\/p>\n","protected":false},"author":1,"featured_media":0,"parent":0,"menu_order":0,"comment_status":"closed","ping_status":"closed","template":"","meta":{"_acf_changed":false,"footnotes":"","_links_to":"","_links_to_target":""},"acf":[],"yoast_head":"<!-- This site is optimized with the Yoast SEO plugin v22.8 - https:\/\/yoast.com\/wordpress\/plugins\/seo\/ -->\n<title>Informativa sulla privacy e informazioni legali - LaToscane.net<\/title>\n<meta name=\"robots\" content=\"index, follow, max-snippet:-1, max-image-preview:large, max-video-preview:-1\" \/>\n<link rel=\"canonical\" href=\"https:\/\/www.latoscane.net\/politique-de-confidentialite\/\" \/>\n<meta property=\"og:locale\" content=\"it_IT\" \/>\n<meta property=\"og:type\" content=\"article\" \/>\n<meta property=\"og:title\" content=\"Informativa sulla privacy e informazioni legali - LaToscane.net\" \/>\n<meta property=\"og:description\" content=\"Clicca per cambiare le preferenze dei cookie Note legali, politica sulla privacy e gestione dei cookie da latoscane.net Internet hosting Latoscane.net \u00e8 un sito ospitato dalla societ\u00e0 OVH, con sede legale in: 2 rue Kellermann \/ 59100 Roubaix \/ Francia Dati personali Il sito latoscane.net rispetta la privacy dell&#8217;utente e si conforma alle leggi in [&hellip;]\" \/>\n<meta property=\"og:url\" content=\"https:\/\/www.latoscane.net\/politique-de-confidentialite\/\" \/>\n<meta property=\"og:site_name\" content=\"LaToscane.net\" \/>\n<meta property=\"article:modified_time\" content=\"2024-11-20T10:06:25+00:00\" \/>\n<meta name=\"twitter:card\" content=\"summary_large_image\" \/>\n<meta name=\"twitter:label1\" content=\"Tempo di lettura stimato\" \/>\n\t<meta name=\"twitter:data1\" content=\"5 minuti\" \/>\n<script type=\"application\/ld+json\" class=\"yoast-schema-graph\">{\"@context\":\"https:\/\/schema.org\",\"@graph\":[{\"@type\":\"WebPage\",\"@id\":\"https:\/\/www.latoscane.net\/politique-de-confidentialite\/\",\"url\":\"https:\/\/www.latoscane.net\/politique-de-confidentialite\/\",\"name\":\"Informativa sulla privacy e informazioni legali - LaToscane.net\",\"isPartOf\":{\"@id\":\"https:\/\/www.latoscane.net\/#website\"},\"datePublished\":\"2018-08-08T09:38:24+00:00\",\"dateModified\":\"2024-11-20T10:06:25+00:00\",\"breadcrumb\":{\"@id\":\"https:\/\/www.latoscane.net\/politique-de-confidentialite\/#breadcrumb\"},\"inLanguage\":\"it-IT\",\"potentialAction\":[{\"@type\":\"ReadAction\",\"target\":[\"https:\/\/www.latoscane.net\/politique-de-confidentialite\/\"]}]},{\"@type\":\"BreadcrumbList\",\"@id\":\"https:\/\/www.latoscane.net\/politique-de-confidentialite\/#breadcrumb\",\"itemListElement\":[{\"@type\":\"ListItem\",\"position\":1,\"name\":\"Accueil\",\"item\":\"https:\/\/www.latoscane.net\/it\/\"},{\"@type\":\"ListItem\",\"position\":2,\"name\":\"Informativa sulla privacy e informazioni legali\"}]},{\"@type\":\"WebSite\",\"@id\":\"https:\/\/www.latoscane.net\/#website\",\"url\":\"https:\/\/www.latoscane.net\/\",\"name\":\"LaToscane.net\",\"description\":\"Visita della regione Toscana\",\"potentialAction\":[{\"@type\":\"SearchAction\",\"target\":{\"@type\":\"EntryPoint\",\"urlTemplate\":\"https:\/\/www.latoscane.net\/?s={search_term_string}\"},\"query-input\":\"required name=search_term_string\"}],\"inLanguage\":\"it-IT\"}]}<\/script>\n<!-- \/ Yoast SEO plugin. -->","yoast_head_json":{"title":"Informativa sulla privacy e informazioni legali - LaToscane.net","robots":{"index":"index","follow":"follow","max-snippet":"max-snippet:-1","max-image-preview":"max-image-preview:large","max-video-preview":"max-video-preview:-1"},"canonical":"https:\/\/www.latoscane.net\/politique-de-confidentialite\/","og_locale":"it_IT","og_type":"article","og_title":"Informativa sulla privacy e informazioni legali - LaToscane.net","og_description":"Clicca per cambiare le preferenze dei cookie Note legali, politica sulla privacy e gestione dei cookie da latoscane.net Internet hosting Latoscane.net \u00e8 un sito ospitato dalla societ\u00e0 OVH, con sede legale in: 2 rue Kellermann \/ 59100 Roubaix \/ Francia Dati personali Il sito latoscane.net rispetta la privacy dell&#8217;utente e si conforma alle leggi in [&hellip;]","og_url":"https:\/\/www.latoscane.net\/politique-de-confidentialite\/","og_site_name":"LaToscane.net","article_modified_time":"2024-11-20T10:06:25+00:00","twitter_card":"summary_large_image","twitter_misc":{"Tempo di lettura stimato":"5 minuti"},"schema":{"@context":"https:\/\/schema.org","@graph":[{"@type":"WebPage","@id":"https:\/\/www.latoscane.net\/politique-de-confidentialite\/","url":"https:\/\/www.latoscane.net\/politique-de-confidentialite\/","name":"Informativa sulla privacy e informazioni legali - LaToscane.net","isPartOf":{"@id":"https:\/\/www.latoscane.net\/#website"},"datePublished":"2018-08-08T09:38:24+00:00","dateModified":"2024-11-20T10:06:25+00:00","breadcrumb":{"@id":"https:\/\/www.latoscane.net\/politique-de-confidentialite\/#breadcrumb"},"inLanguage":"it-IT","potentialAction":[{"@type":"ReadAction","target":["https:\/\/www.latoscane.net\/politique-de-confidentialite\/"]}]},{"@type":"BreadcrumbList","@id":"https:\/\/www.latoscane.net\/politique-de-confidentialite\/#breadcrumb","itemListElement":[{"@type":"ListItem","position":1,"name":"Accueil","item":"https:\/\/www.latoscane.net\/it\/"},{"@type":"ListItem","position":2,"name":"Informativa sulla privacy e informazioni legali"}]},{"@type":"WebSite","@id":"https:\/\/www.latoscane.net\/#website","url":"https:\/\/www.latoscane.net\/","name":"LaToscane.net","description":"Visita della regione Toscana","potentialAction":[{"@type":"SearchAction","target":{"@type":"EntryPoint","urlTemplate":"https:\/\/www.latoscane.net\/?s={search_term_string}"},"query-input":"required name=search_term_string"}],"inLanguage":"it-IT"}]}},"_links":{"self":[{"href":"https:\/\/www.latoscane.net\/it\/wp-json\/wp\/v2\/pages\/2754"}],"collection":[{"href":"https:\/\/www.latoscane.net\/it\/wp-json\/wp\/v2\/pages"}],"about":[{"href":"https:\/\/www.latoscane.net\/it\/wp-json\/wp\/v2\/types\/page"}],"author":[{"embeddable":true,"href":"https:\/\/www.latoscane.net\/it\/wp-json\/wp\/v2\/users\/1"}],"replies":[{"embeddable":true,"href":"https:\/\/www.latoscane.net\/it\/wp-json\/wp\/v2\/comments?post=2754"}],"version-history":[{"count":14,"href":"https:\/\/www.latoscane.net\/it\/wp-json\/wp\/v2\/pages\/2754\/revisions"}],"predecessor-version":[{"id":12485,"href":"https:\/\/www.latoscane.net\/it\/wp-json\/wp\/v2\/pages\/2754\/revisions\/12485"}],"wp:attachment":[{"href":"https:\/\/www.latoscane.net\/it\/wp-json\/wp\/v2\/media?parent=2754"}],"curies":[{"name":"wp","href":"https:\/\/api.w.org\/{rel}","templated":true}]}}